{"id":1971,"date":"2024-01-28T14:38:44","date_gmt":"2024-01-28T14:38:44","guid":{"rendered":"http:\/\/hof-peters.eu\/?page_id=1971"},"modified":"2024-01-28T14:59:26","modified_gmt":"2024-01-28T14:59:26","slug":"hof-peters-bilder-galerie-2023","status":"publish","type":"page","link":"https:\/\/hof-peters.eu\/?page_id=1971","title":{"rendered":"Hof Peters Bilder Galerie 2023"},"content":{"rendered":"\n<div class=\"wp-block-group\"><div class=\"wp-block-group__inner-container is-layout-flow wp-block-group-is-layout-flow\">\n<p>Willkommen in unserer virtuellen Flohmarkt-Bilder-Galerie Tauchen Sie ein in die lebendige Amtmosph\u00e4re eines Flohmaktes, festgehalten in fesselnden Bildern. Von bunten St\u00e4nden, die mit Sch\u00e4tzen gef\u00fcllt sind, bis hin zu den Gesichtern von H\u00e4ndlern und Besuchern, die voller Entdeckungsfreude sind &#8211; unsere Galerie f\u00e4ngt die pulsierende Energie eines Flohmarkte auf einzigartige Weise ein.<\/p>\n\n\n\n<p>Erleben Sie die Vielfalt der angebotenen Waren von Textil, Lebensmittel, Schmuck, Pflanzen, Selbstgemachtem Honig, Auto und Haus zubeh\u00f6r.<\/p>\n\n\n\n<p><\/p>\n<\/div><\/div>\n\n\n\n<p><\/p>\n\n\n\n<div class=\"wp-block-group\"><div class=\"wp-block-group__inner-container is-layout-flow wp-block-group-is-layout-flow\">\n<div class=\"wp-block-group\"><div class=\"wp-block-group__inner-container is-layout-flow wp-block-group-is-layout-flow\">\n<div class=\"wp-block-group\"><div class=\"wp-block-group__inner-container is-layout-flow wp-block-group-is-layout-flow\">\n<div class=\"wp-block-group\"><div class=\"wp-block-group__inner-container is-layout-flow wp-block-group-is-layout-flow\">\n<figure class=\"wp-block-gallery aligncenter columns-3 is-cropped wp-block-gallery-1 is-layout-flex wp-block-gallery-is-layout-flex\"><ul class=\"blocks-gallery-grid\"><li class=\"blocks-gallery-item\"><figure><img loading=\"lazy\" decoding=\"async\" width=\"768\" height=\"1024\" src=\"http:\/\/hof-peters.eu\/wp-content\/uploads\/2024\/01\/387820323_6759131617508557_6377210151125191153_n-768x1024.jpg\" alt=\"\" data-id=\"1995\" class=\"wp-image-1995\" srcset=\"https:\/\/hof-peters.eu\/wp-content\/uploads\/2024\/01\/387820323_6759131617508557_6377210151125191153_n-768x1024.jpg 768w, https:\/\/hof-peters.eu\/wp-content\/uploads\/2024\/01\/387820323_6759131617508557_6377210151125191153_n-225x300.jpg 225w, https:\/\/hof-peters.eu\/wp-content\/uploads\/2024\/01\/387820323_6759131617508557_6377210151125191153_n-1152x1536.jpg 1152w, https:\/\/hof-peters.eu\/wp-content\/uploads\/2024\/01\/387820323_6759131617508557_6377210151125191153_n-945x1260.jpg 945w, https:\/\/hof-peters.eu\/wp-content\/uploads\/2024\/01\/387820323_6759131617508557_6377210151125191153_n-600x800.jpg 600w, https:\/\/hof-peters.eu\/wp-content\/uploads\/2024\/01\/387820323_6759131617508557_6377210151125191153_n.jpg 1200w\" sizes=\"auto, (max-width: 768px) 100vw, 768px\" \/><\/figure><\/li><li class=\"blocks-gallery-item\"><figure><img loading=\"lazy\" decoding=\"async\" width=\"768\" height=\"1024\" src=\"http:\/\/hof-peters.eu\/wp-content\/uploads\/2024\/01\/381344359_6679879095433810_8827188847555095562_n-1-768x1024.jpg\" alt=\"\" data-id=\"2002\" data-full-url=\"http:\/\/hof-peters.eu\/wp-content\/uploads\/2024\/01\/381344359_6679879095433810_8827188847555095562_n-1.jpg\" data-link=\"http:\/\/hof-peters.eu\/?attachment_id=2002\" class=\"wp-image-2002\" srcset=\"https:\/\/hof-peters.eu\/wp-content\/uploads\/2024\/01\/381344359_6679879095433810_8827188847555095562_n-1-768x1024.jpg 768w, https:\/\/hof-peters.eu\/wp-content\/uploads\/2024\/01\/381344359_6679879095433810_8827188847555095562_n-1-225x300.jpg 225w, https:\/\/hof-peters.eu\/wp-content\/uploads\/2024\/01\/381344359_6679879095433810_8827188847555095562_n-1-1152x1536.jpg 1152w, https:\/\/hof-peters.eu\/wp-content\/uploads\/2024\/01\/381344359_6679879095433810_8827188847555095562_n-1-945x1260.jpg 945w, https:\/\/hof-peters.eu\/wp-content\/uploads\/2024\/01\/381344359_6679879095433810_8827188847555095562_n-1-600x800.jpg 600w, https:\/\/hof-peters.eu\/wp-content\/uploads\/2024\/01\/381344359_6679879095433810_8827188847555095562_n-1.jpg 1200w\" sizes=\"auto, (max-width: 768px) 100vw, 768px\" \/><\/figure><\/li><li class=\"blocks-gallery-item\"><figure><img loading=\"lazy\" decoding=\"async\" width=\"768\" height=\"1024\" src=\"http:\/\/hof-peters.eu\/wp-content\/uploads\/2024\/01\/380255091_6679878588767194_1524583160667664630_n-1-768x1024.jpg\" alt=\"\" data-id=\"2004\" data-full-url=\"http:\/\/hof-peters.eu\/wp-content\/uploads\/2024\/01\/380255091_6679878588767194_1524583160667664630_n-1.jpg\" data-link=\"http:\/\/hof-peters.eu\/?attachment_id=2004\" class=\"wp-image-2004\" srcset=\"https:\/\/hof-peters.eu\/wp-content\/uploads\/2024\/01\/380255091_6679878588767194_1524583160667664630_n-1-768x1024.jpg 768w, https:\/\/hof-peters.eu\/wp-content\/uploads\/2024\/01\/380255091_6679878588767194_1524583160667664630_n-1-225x300.jpg 225w, https:\/\/hof-peters.eu\/wp-content\/uploads\/2024\/01\/380255091_6679878588767194_1524583160667664630_n-1-1152x1536.jpg 1152w, https:\/\/hof-peters.eu\/wp-content\/uploads\/2024\/01\/380255091_6679878588767194_1524583160667664630_n-1-945x1260.jpg 945w, https:\/\/hof-peters.eu\/wp-content\/uploads\/2024\/01\/380255091_6679878588767194_1524583160667664630_n-1-600x800.jpg 600w, https:\/\/hof-peters.eu\/wp-content\/uploads\/2024\/01\/380255091_6679878588767194_1524583160667664630_n-1.jpg 1200w\" sizes=\"auto, (max-width: 768px) 100vw, 768px\" \/><\/figure><\/li><li class=\"blocks-gallery-item\"><figure><img loading=\"lazy\" decoding=\"async\" width=\"768\" height=\"1024\" src=\"http:\/\/hof-peters.eu\/wp-content\/uploads\/2024\/01\/381355683_6679879732100413_1263897449541331150_n-1-768x1024.jpg\" alt=\"\" data-id=\"2007\" data-full-url=\"http:\/\/hof-peters.eu\/wp-content\/uploads\/2024\/01\/381355683_6679879732100413_1263897449541331150_n-1.jpg\" data-link=\"http:\/\/hof-peters.eu\/?attachment_id=2007\" class=\"wp-image-2007\" srcset=\"https:\/\/hof-peters.eu\/wp-content\/uploads\/2024\/01\/381355683_6679879732100413_1263897449541331150_n-1-768x1024.jpg 768w, https:\/\/hof-peters.eu\/wp-content\/uploads\/2024\/01\/381355683_6679879732100413_1263897449541331150_n-1-225x300.jpg 225w, https:\/\/hof-peters.eu\/wp-content\/uploads\/2024\/01\/381355683_6679879732100413_1263897449541331150_n-1-1152x1536.jpg 1152w, https:\/\/hof-peters.eu\/wp-content\/uploads\/2024\/01\/381355683_6679879732100413_1263897449541331150_n-1-945x1260.jpg 945w, https:\/\/hof-peters.eu\/wp-content\/uploads\/2024\/01\/381355683_6679879732100413_1263897449541331150_n-1-600x800.jpg 600w, https:\/\/hof-peters.eu\/wp-content\/uploads\/2024\/01\/381355683_6679879732100413_1263897449541331150_n-1.jpg 1200w\" sizes=\"auto, (max-width: 768px) 100vw, 768px\" \/><\/figure><\/li><li class=\"blocks-gallery-item\"><figure><img loading=\"lazy\" decoding=\"async\" width=\"768\" height=\"1024\" src=\"http:\/\/hof-peters.eu\/wp-content\/uploads\/2024\/01\/381442782_6679880732100313_2781123458589462764_n-1-768x1024.jpg\" alt=\"\" data-id=\"2009\" data-full-url=\"http:\/\/hof-peters.eu\/wp-content\/uploads\/2024\/01\/381442782_6679880732100313_2781123458589462764_n-1.jpg\" data-link=\"http:\/\/hof-peters.eu\/?attachment_id=2009\" class=\"wp-image-2009\" srcset=\"https:\/\/hof-peters.eu\/wp-content\/uploads\/2024\/01\/381442782_6679880732100313_2781123458589462764_n-1-768x1024.jpg 768w, https:\/\/hof-peters.eu\/wp-content\/uploads\/2024\/01\/381442782_6679880732100313_2781123458589462764_n-1-225x300.jpg 225w, https:\/\/hof-peters.eu\/wp-content\/uploads\/2024\/01\/381442782_6679880732100313_2781123458589462764_n-1-1152x1536.jpg 1152w, https:\/\/hof-peters.eu\/wp-content\/uploads\/2024\/01\/381442782_6679880732100313_2781123458589462764_n-1-945x1260.jpg 945w, https:\/\/hof-peters.eu\/wp-content\/uploads\/2024\/01\/381442782_6679880732100313_2781123458589462764_n-1-600x800.jpg 600w, https:\/\/hof-peters.eu\/wp-content\/uploads\/2024\/01\/381442782_6679880732100313_2781123458589462764_n-1.jpg 1200w\" sizes=\"auto, (max-width: 768px) 100vw, 768px\" \/><\/figure><\/li><li class=\"blocks-gallery-item\"><figure><img loading=\"lazy\" decoding=\"async\" width=\"768\" height=\"1024\" src=\"http:\/\/hof-peters.eu\/wp-content\/uploads\/2024\/01\/380335588_6679877128767340_7130742857353769864_n-1-768x1024.jpg\" alt=\"\" data-id=\"2011\" data-full-url=\"http:\/\/hof-peters.eu\/wp-content\/uploads\/2024\/01\/380335588_6679877128767340_7130742857353769864_n-1.jpg\" data-link=\"http:\/\/hof-peters.eu\/?attachment_id=2011\" class=\"wp-image-2011\" srcset=\"https:\/\/hof-peters.eu\/wp-content\/uploads\/2024\/01\/380335588_6679877128767340_7130742857353769864_n-1-768x1024.jpg 768w, https:\/\/hof-peters.eu\/wp-content\/uploads\/2024\/01\/380335588_6679877128767340_7130742857353769864_n-1-225x300.jpg 225w, https:\/\/hof-peters.eu\/wp-content\/uploads\/2024\/01\/380335588_6679877128767340_7130742857353769864_n-1-1152x1536.jpg 1152w, https:\/\/hof-peters.eu\/wp-content\/uploads\/2024\/01\/380335588_6679877128767340_7130742857353769864_n-1-945x1260.jpg 945w, https:\/\/hof-peters.eu\/wp-content\/uploads\/2024\/01\/380335588_6679877128767340_7130742857353769864_n-1-600x800.jpg 600w, https:\/\/hof-peters.eu\/wp-content\/uploads\/2024\/01\/380335588_6679877128767340_7130742857353769864_n-1.jpg 1200w\" sizes=\"auto, (max-width: 768px) 100vw, 768px\" \/><\/figure><\/li><li class=\"blocks-gallery-item\"><figure><img loading=\"lazy\" decoding=\"async\" width=\"768\" height=\"1024\" src=\"http:\/\/hof-peters.eu\/wp-content\/uploads\/2024\/01\/387816828_6759134217508297_6641306358682154633_n-1-768x1024.jpg\" alt=\"\" data-id=\"2013\" data-full-url=\"http:\/\/hof-peters.eu\/wp-content\/uploads\/2024\/01\/387816828_6759134217508297_6641306358682154633_n-1.jpg\" data-link=\"http:\/\/hof-peters.eu\/?attachment_id=2013\" class=\"wp-image-2013\" srcset=\"https:\/\/hof-peters.eu\/wp-content\/uploads\/2024\/01\/387816828_6759134217508297_6641306358682154633_n-1-768x1024.jpg 768w, https:\/\/hof-peters.eu\/wp-content\/uploads\/2024\/01\/387816828_6759134217508297_6641306358682154633_n-1-225x300.jpg 225w, https:\/\/hof-peters.eu\/wp-content\/uploads\/2024\/01\/387816828_6759134217508297_6641306358682154633_n-1-1152x1536.jpg 1152w, https:\/\/hof-peters.eu\/wp-content\/uploads\/2024\/01\/387816828_6759134217508297_6641306358682154633_n-1-945x1260.jpg 945w, https:\/\/hof-peters.eu\/wp-content\/uploads\/2024\/01\/387816828_6759134217508297_6641306358682154633_n-1-600x800.jpg 600w, https:\/\/hof-peters.eu\/wp-content\/uploads\/2024\/01\/387816828_6759134217508297_6641306358682154633_n-1.jpg 1200w\" sizes=\"auto, (max-width: 768px) 100vw, 768px\" \/><\/figure><\/li><li class=\"blocks-gallery-item\"><figure><img loading=\"lazy\" decoding=\"async\" width=\"1024\" height=\"768\" src=\"http:\/\/hof-peters.eu\/wp-content\/uploads\/2024\/01\/387876422_6759133707508348_237520375193811632_n-1-1024x768.jpg\" alt=\"\" data-id=\"2015\" data-full-url=\"http:\/\/hof-peters.eu\/wp-content\/uploads\/2024\/01\/387876422_6759133707508348_237520375193811632_n-1.jpg\" data-link=\"http:\/\/hof-peters.eu\/?attachment_id=2015\" class=\"wp-image-2015\" srcset=\"https:\/\/hof-peters.eu\/wp-content\/uploads\/2024\/01\/387876422_6759133707508348_237520375193811632_n-1-1024x768.jpg 1024w, https:\/\/hof-peters.eu\/wp-content\/uploads\/2024\/01\/387876422_6759133707508348_237520375193811632_n-1-300x225.jpg 300w, https:\/\/hof-peters.eu\/wp-content\/uploads\/2024\/01\/387876422_6759133707508348_237520375193811632_n-1-768x576.jpg 768w, https:\/\/hof-peters.eu\/wp-content\/uploads\/2024\/01\/387876422_6759133707508348_237520375193811632_n-1-1536x1152.jpg 1536w, https:\/\/hof-peters.eu\/wp-content\/uploads\/2024\/01\/387876422_6759133707508348_237520375193811632_n-1-945x709.jpg 945w, https:\/\/hof-peters.eu\/wp-content\/uploads\/2024\/01\/387876422_6759133707508348_237520375193811632_n-1-600x450.jpg 600w, https:\/\/hof-peters.eu\/wp-content\/uploads\/2024\/01\/387876422_6759133707508348_237520375193811632_n-1.jpg 1600w\" sizes=\"auto, (max-width: 1024px) 100vw, 1024px\" \/><\/figure><\/li><li class=\"blocks-gallery-item\"><figure><img loading=\"lazy\" decoding=\"async\" width=\"576\" height=\"1024\" src=\"http:\/\/hof-peters.eu\/wp-content\/uploads\/2024\/01\/387834908_6759132394175146_6592535928772121856_n-1-576x1024.jpg\" alt=\"\" data-id=\"2016\" data-full-url=\"http:\/\/hof-peters.eu\/wp-content\/uploads\/2024\/01\/387834908_6759132394175146_6592535928772121856_n-1.jpg\" data-link=\"http:\/\/hof-peters.eu\/?attachment_id=2016\" class=\"wp-image-2016\" srcset=\"https:\/\/hof-peters.eu\/wp-content\/uploads\/2024\/01\/387834908_6759132394175146_6592535928772121856_n-1-576x1024.jpg 576w, https:\/\/hof-peters.eu\/wp-content\/uploads\/2024\/01\/387834908_6759132394175146_6592535928772121856_n-1-169x300.jpg 169w, https:\/\/hof-peters.eu\/wp-content\/uploads\/2024\/01\/387834908_6759132394175146_6592535928772121856_n-1-768x1366.jpg 768w, https:\/\/hof-peters.eu\/wp-content\/uploads\/2024\/01\/387834908_6759132394175146_6592535928772121856_n-1-864x1536.jpg 864w, https:\/\/hof-peters.eu\/wp-content\/uploads\/2024\/01\/387834908_6759132394175146_6592535928772121856_n-1-600x1067.jpg 600w, https:\/\/hof-peters.eu\/wp-content\/uploads\/2024\/01\/387834908_6759132394175146_6592535928772121856_n-1.jpg 899w\" sizes=\"auto, (max-width: 576px) 100vw, 576px\" \/><\/figure><\/li><li class=\"blocks-gallery-item\"><figure><img loading=\"lazy\" decoding=\"async\" width=\"576\" height=\"1024\" src=\"http:\/\/hof-peters.eu\/wp-content\/uploads\/2024\/01\/387821260_6759132674175118_6271058930789732747_n-1-576x1024.jpg\" alt=\"\" data-id=\"2017\" data-full-url=\"http:\/\/hof-peters.eu\/wp-content\/uploads\/2024\/01\/387821260_6759132674175118_6271058930789732747_n-1.jpg\" data-link=\"http:\/\/hof-peters.eu\/?attachment_id=2017\" class=\"wp-image-2017\" srcset=\"https:\/\/hof-peters.eu\/wp-content\/uploads\/2024\/01\/387821260_6759132674175118_6271058930789732747_n-1-576x1024.jpg 576w, https:\/\/hof-peters.eu\/wp-content\/uploads\/2024\/01\/387821260_6759132674175118_6271058930789732747_n-1-169x300.jpg 169w, https:\/\/hof-peters.eu\/wp-content\/uploads\/2024\/01\/387821260_6759132674175118_6271058930789732747_n-1-768x1366.jpg 768w, https:\/\/hof-peters.eu\/wp-content\/uploads\/2024\/01\/387821260_6759132674175118_6271058930789732747_n-1-864x1536.jpg 864w, https:\/\/hof-peters.eu\/wp-content\/uploads\/2024\/01\/387821260_6759132674175118_6271058930789732747_n-1-600x1067.jpg 600w, https:\/\/hof-peters.eu\/wp-content\/uploads\/2024\/01\/387821260_6759132674175118_6271058930789732747_n-1.jpg 899w\" sizes=\"auto, (max-width: 576px) 100vw, 576px\" \/><\/figure><\/li><li class=\"blocks-gallery-item\"><figure><img loading=\"lazy\" decoding=\"async\" width=\"576\" height=\"1024\" src=\"http:\/\/hof-peters.eu\/wp-content\/uploads\/2024\/01\/387820893_6759132120841840_2156203747578155402_n-1-576x1024.jpg\" alt=\"\" data-id=\"2018\" data-full-url=\"http:\/\/hof-peters.eu\/wp-content\/uploads\/2024\/01\/387820893_6759132120841840_2156203747578155402_n-1.jpg\" data-link=\"http:\/\/hof-peters.eu\/?attachment_id=2018\" class=\"wp-image-2018\" srcset=\"https:\/\/hof-peters.eu\/wp-content\/uploads\/2024\/01\/387820893_6759132120841840_2156203747578155402_n-1-576x1024.jpg 576w, https:\/\/hof-peters.eu\/wp-content\/uploads\/2024\/01\/387820893_6759132120841840_2156203747578155402_n-1-169x300.jpg 169w, https:\/\/hof-peters.eu\/wp-content\/uploads\/2024\/01\/387820893_6759132120841840_2156203747578155402_n-1-768x1366.jpg 768w, https:\/\/hof-peters.eu\/wp-content\/uploads\/2024\/01\/387820893_6759132120841840_2156203747578155402_n-1-864x1536.jpg 864w, https:\/\/hof-peters.eu\/wp-content\/uploads\/2024\/01\/387820893_6759132120841840_2156203747578155402_n-1-600x1067.jpg 600w, https:\/\/hof-peters.eu\/wp-content\/uploads\/2024\/01\/387820893_6759132120841840_2156203747578155402_n-1.jpg 899w\" sizes=\"auto, (max-width: 576px) 100vw, 576px\" \/><\/figure><\/li><li class=\"blocks-gallery-item\"><figure><img loading=\"lazy\" decoding=\"async\" width=\"768\" height=\"1024\" src=\"http:\/\/hof-peters.eu\/wp-content\/uploads\/2024\/01\/391645978_6759131987508520_2191852814362770004_n-1-768x1024.jpg\" alt=\"\" data-id=\"2019\" data-full-url=\"http:\/\/hof-peters.eu\/wp-content\/uploads\/2024\/01\/391645978_6759131987508520_2191852814362770004_n-1.jpg\" data-link=\"http:\/\/hof-peters.eu\/?attachment_id=2019\" class=\"wp-image-2019\" srcset=\"https:\/\/hof-peters.eu\/wp-content\/uploads\/2024\/01\/391645978_6759131987508520_2191852814362770004_n-1-768x1024.jpg 768w, https:\/\/hof-peters.eu\/wp-content\/uploads\/2024\/01\/391645978_6759131987508520_2191852814362770004_n-1-225x300.jpg 225w, https:\/\/hof-peters.eu\/wp-content\/uploads\/2024\/01\/391645978_6759131987508520_2191852814362770004_n-1-1152x1536.jpg 1152w, https:\/\/hof-peters.eu\/wp-content\/uploads\/2024\/01\/391645978_6759131987508520_2191852814362770004_n-1-945x1260.jpg 945w, https:\/\/hof-peters.eu\/wp-content\/uploads\/2024\/01\/391645978_6759131987508520_2191852814362770004_n-1-600x800.jpg 600w, https:\/\/hof-peters.eu\/wp-content\/uploads\/2024\/01\/391645978_6759131987508520_2191852814362770004_n-1.jpg 1200w\" sizes=\"auto, (max-width: 768px) 100vw, 768px\" \/><\/figure><\/li><li class=\"blocks-gallery-item\"><figure><img loading=\"lazy\" decoding=\"async\" width=\"768\" height=\"1024\" src=\"http:\/\/hof-peters.eu\/wp-content\/uploads\/2024\/01\/391687590_6759131780841874_7789021512498705300_n-1-768x1024.jpg\" alt=\"\" data-id=\"2020\" data-full-url=\"http:\/\/hof-peters.eu\/wp-content\/uploads\/2024\/01\/391687590_6759131780841874_7789021512498705300_n-1.jpg\" data-link=\"http:\/\/hof-peters.eu\/?attachment_id=2020\" class=\"wp-image-2020\" srcset=\"https:\/\/hof-peters.eu\/wp-content\/uploads\/2024\/01\/391687590_6759131780841874_7789021512498705300_n-1-768x1024.jpg 768w, https:\/\/hof-peters.eu\/wp-content\/uploads\/2024\/01\/391687590_6759131780841874_7789021512498705300_n-1-225x300.jpg 225w, https:\/\/hof-peters.eu\/wp-content\/uploads\/2024\/01\/391687590_6759131780841874_7789021512498705300_n-1-1152x1536.jpg 1152w, https:\/\/hof-peters.eu\/wp-content\/uploads\/2024\/01\/391687590_6759131780841874_7789021512498705300_n-1-945x1260.jpg 945w, https:\/\/hof-peters.eu\/wp-content\/uploads\/2024\/01\/391687590_6759131780841874_7789021512498705300_n-1-600x800.jpg 600w, https:\/\/hof-peters.eu\/wp-content\/uploads\/2024\/01\/391687590_6759131780841874_7789021512498705300_n-1.jpg 1200w\" sizes=\"auto, (max-width: 768px) 100vw, 768px\" \/><\/figure><\/li><\/ul><figcaption class=\"blocks-gallery-caption\"><strong><em>Flohmarkt 2023<\/em><\/strong><\/figcaption><\/figure>\n<\/div><\/div>\n<\/div><\/div>\n<\/div><\/div>\n<\/div><\/div>\n\n\n\n<p><\/p>\n\n\n\n<p><\/p>\n\n\n\n<p><\/p>\n\n\n\n<p><\/p>\n\n\n\n<p><\/p>\n\n\n\n<p><\/p>\n\n\n\n<p><\/p>\n\n\n\n<p><\/p>\n\n\n\n<p><\/p>\n\n\n\n<p><\/p>\n\n\n\n<p><\/p>\n\n\n\n<p><\/p>\n\n\n\n<p><\/p>\n\n\n\n<p><\/p>\n\n\n\n<p><\/p>\n\n\n\n<p><\/p>\n\n\n\n<p><\/p>\n\n\n\n<p><\/p>\n\n\n\n<p><\/p>\n\n\n\n<p><\/p>\n\n\n\n<p><\/p>\n\n\n\n<p><\/p>\n\n\n\n<p><\/p>\n\n\n\n<p><\/p>\n\n\n\n<p><\/p>\n\n\n\n<p><\/p>\n\n\n\n<p><\/p>\n\n\n\n<p><\/p>\n\n\n\n<p><\/p>\n\n\n\n<p><\/p>\n\n\n<p style=\"text-align: center;\">Flohmarkt-Bilder-Galerie 2023<\/p>\n<p style=\"text-align: center;\"><a href=\"http:\/\/hof-peters.eu\/?page_id=1971\"><img loading=\"lazy\" decoding=\"async\" class=\"alignnone wp-image-2042 size-medium\" src=\"http:\/\/hof-peters.eu\/wp-content\/uploads\/2024\/01\/Hof-Peters-4-4-300x300.png\" alt=\"\" width=\"300\" height=\"300\" srcset=\"https:\/\/hof-peters.eu\/wp-content\/uploads\/2024\/01\/Hof-Peters-4-4-300x300.png 300w, https:\/\/hof-peters.eu\/wp-content\/uploads\/2024\/01\/Hof-Peters-4-4-150x150.png 150w, https:\/\/hof-peters.eu\/wp-content\/uploads\/2024\/01\/Hof-Peters-4-4.png 500w\" sizes=\"auto, (max-width: 300px) 100vw, 300px\" \/><\/a><\/p>\n\n\n<p><\/p>\n\n\n\n<p><\/p>\n\n\n\n<p><\/p>\n\n\n\n<p><\/p>\n\n\n\n<p><\/p>\n\n\n\n<p><\/p>\n","protected":false},"excerpt":{"rendered":"<p>Willkommen in unserer virtuellen Flohmarkt-Bilder-Galerie Tauchen Sie ein in die lebendige Amtmosph\u00e4re eines Flohmaktes, festgehalten in fesselnden Bildern. Von bunten St\u00e4nden, die mit Sch\u00e4tzen gef\u00fcllt sind, bis hin zu den Gesichtern von H\u00e4ndlern und Besuchern, die voller Entdeckungsfreude sind &#8211;&#8230; <a class=\"more-link\" href=\"https:\/\/hof-peters.eu\/?page_id=1971\">Weiterlesen &rarr;<\/a><\/p>\n","protected":false},"author":1,"featured_media":0,"parent":0,"menu_order":3,"comment_status":"closed","ping_status":"closed","template":"","meta":{"footnotes":""},"class_list":["post-1971","page","type-page","status-publish","hentry"],"_links":{"self":[{"href":"https:\/\/hof-peters.eu\/index.php?rest_route=\/wp\/v2\/pages\/1971","targetHints":{"allow":["GET"]}}],"collection":[{"href":"https:\/\/hof-peters.eu\/index.php?rest_route=\/wp\/v2\/pages"}],"about":[{"href":"https:\/\/hof-peters.eu\/index.php?rest_route=\/wp\/v2\/types\/page"}],"author":[{"embeddable":true,"href":"https:\/\/hof-peters.eu\/index.php?rest_route=\/wp\/v2\/users\/1"}],"replies":[{"embeddable":true,"href":"https:\/\/hof-peters.eu\/index.php?rest_route=%2Fwp%2Fv2%2Fcomments&post=1971"}],"version-history":[{"count":17,"href":"https:\/\/hof-peters.eu\/index.php?rest_route=\/wp\/v2\/pages\/1971\/revisions"}],"predecessor-version":[{"id":2100,"href":"https:\/\/hof-peters.eu\/index.php?rest_route=\/wp\/v2\/pages\/1971\/revisions\/2100"}],"wp:attachment":[{"href":"https:\/\/hof-peters.eu\/index.php?rest_route=%2Fwp%2Fv2%2Fmedia&parent=1971"}],"curies":[{"name":"wp","href":"https:\/\/api.w.org\/{rel}","templated":true}]}}