{"id":9,"date":"2014-08-08T10:03:21","date_gmt":"2014-08-08T10:03:21","guid":{"rendered":"http:\/\/localhost\/wordpress\/?page_id=5"},"modified":"2026-05-12T08:09:33","modified_gmt":"2026-05-12T08:09:33","slug":"willkommen-bei-hof-peters","status":"publish","type":"page","link":"https:\/\/hof-peters.eu\/","title":{"rendered":"Hof Peters Friesoythe"},"content":{"rendered":"\n<p class=\"has-larger-font-size\"><\/p>\n\n\n\n<p class=\"has-larger-font-size\"><strong>N\u00e4chster<\/strong> <strong>gro\u00dfer Flohmarkt<\/strong> <\/p>\n\n\n\n<p class=\"has-larger-font-size\"><strong>Sa.04.Juni 2026.<\/strong><\/p>\n\n\n\n<p class=\"has-larger-font-size\"><\/p>\n\n\n\n<p class=\"has-larger-font-size\"><strong>Von 8 bis 16<\/strong> <strong>Uhr<\/strong>.<\/p>\n\n\n\n<p class=\"has-larger-font-size\"><strong>Erreichbar Mo\u2013Sa<br>von 9 bis 18 Uhr unter:<br>0172 6309077&nbsp;<\/strong><\/p>\n\n\n\n<p class=\"has-regular-font-size\"><strong>Wohnmobile mit Tr\u00f6delstand Standmiete nur 25\u20ac pro Tag -egal wie gro\u00df.<\/strong> <\/p>\n\n\n\n<h2 class=\"wp-block-heading has-regular-font-size\"><strong>Verkauf von Neu- und Gebrauchtwaren.Teilnehmen kann jeder. Die Standmiete kostet f\u00fcr Tr\u00f6del pro. lfm 8 \u20ac. f\u00fcr Neuware kostet pro. lfm 12 \u20ac. <\/strong>Die <strong>Anreise vor den M\u00e4rkten ist ab Freitag 11 Uhr m\u00f6glich. <\/strong><\/h2>\n\n\n\n<p>&#8211;<\/p>\n\n\n\n<p class=\"has-regular-font-size\"><\/p>\n\n\n\n<h2 class=\"wp-block-heading\"><\/h2>\n\n\n\n<p>Weitere Termine folgen im gleichen Rhythmus so wie im letzen Jahr.<\/p>\n\n\n\n<p><\/p>\n\n\n\n<p><\/p>\n\n\n\n<p><\/p>\n\n\n\n<p><\/p>\n\n\n\n<p><\/p>\n\n\n\n<p><\/p>\n\n\n\n<p><\/p>\n\n\n\n<p><\/p>\n\n\n\n<p><\/p>\n\n\n\n<p><\/p>\n\n\n\n<p><\/p>\n\n\n\n<p><\/p>\n\n\n\n<p><\/p>\n\n\n\n<p><\/p>\n\n\n\n<p><\/p>\n\n\n\n<p><\/p>\n\n\n\n<p><\/p>\n\n\n\n<p><\/p>\n\n\n\n<p><\/p>\n\n\n\n<p><\/p>\n\n\n\n<p><\/p>\n\n\n\n<p><\/p>\n\n\n\n<p><\/p>\n\n\n\n<p><\/p>\n\n\n\n<p><\/p>\n\n\n\n<p><\/p>\n\n\n\n<p><\/p>\n\n\n\n<p><\/p>\n\n\n\n<div class=\"wp-block-group\"><div class=\"wp-block-group__inner-container is-layout-flow wp-block-group-is-layout-flow\">\n<p class=\"has-large-font-size\"><\/p>\n<\/div><\/div>\n\n\n\n<p class=\"has-large-font-size\"><\/p>\n\n\n\n<p class=\"has-large-font-size\"><\/p>\n\n\n\n<p><\/p>\n\n\n\n<p><\/p>\n\n\n\n<p><\/p>\n\n\n\n<p><\/p>\n\n\n\n<p><\/p>\n\n\n\n<p><\/p>\n\n\n\n<p><\/p>\n\n\n\n<p><\/p>\n\n\n\n<p><\/p>\n\n\n\n<p><\/p>\n\n\n\n<p><strong> <\/strong><\/p>\n\n\n\n<p><\/p>\n\n\n\n<p><\/p>\n\n\n\n<p><\/p>\n\n\n\n<p><\/p>\n\n\n\n<p><\/p>\n\n\n\n<p><\/p>\n\n\n\n<p><\/p>\n\n\n\n<p><\/p>\n\n\n\n<p><\/p>\n\n\n\n<p><strong><span class=\"has-inline-color has-black-color\"><\/span><\/strong><\/p>\n\n\n\n<p><strong><span style=\"color:#cf263f\" class=\"has-inline-color\"><\/span><\/strong><\/p>\n\n\n\n<h4 class=\"wp-block-heading\">  <strong> <\/strong>  <\/h4>\n\n\n\n<p><span class=\"has-inline-color has-medium-gray-color\"><\/span><\/p>\n\n\n\n<div class=\"wp-block-buttons is-layout-flex wp-block-buttons-is-layout-flex\"><\/div>\n\n\n\n<p><\/p>\n\n\n\n<p><\/p>\n\n\n\n<p><\/p>\n\n\n\n<p>Die Marktbedingungen bleiben bis auf weiteres  auch f\u00fcr 2025 bestehen.<\/p>\n\n\n<p><strong>&nbsp;<br \/><\/strong><\/p>\n\n\n<p class=\"has-small-font-size\"><\/p>\n\n\n\n<p><strong>Aus diesem Grund gelten folgende Regel f\u00fcr die Veranstaltung:<\/strong><\/p>\n\n\n\n<ul class=\"wp-block-list\">\n<li>Anreise und Aufbau f\u00fcr die Teilnehmer der Markte ist Freitags  ab10:00 Uhr m\u00f6glich.<\/li>\n\n\n\n<li>Alle Teilnehmer m\u00fcssen am Veranstaltungstag bis 08:00 Uhr auf Ihre Pl\u00e4tze sein.<\/li>\n\n\n\n<li>Aus Verkehrsrechtlichen Gr\u00fcnden ist es untersagt die St\u00e4nde vor 15:00 Uhr abzubauen.<\/li>\n<\/ul>\n\n\n\n<p>Anmeldungen und Info&#8217;s T\u00e4glich von 09:00 Uhr bis 18:00 Uhr  unter 0172 630 90 77 oder 04491 3773<\/p>\n\n\n\n<p><\/p>\n\n\n\n<p>Wir freuen uns auf Euch<\/p>\n\n\n\n<p>Euer Hof Peters<\/p>\n\n\n\n<p><\/p>\n\n\n\n<h2 class=\"wp-block-heading\">Info: Hotels f\u00fcr Teilnehmer.<\/h2>\n\n\n\n<p>Hotel Schl\u00f6mer Bahnhofstr.17  Cloppenburg  ab 58,- Euro Tel.04471\/2838<\/p>\n\n\n\n<p>Gasthaus Ringquartier Industriering  Molbergen  ab 12,50 Euro 04471\/84092908<\/p>\n\n\n\n<p>Gasthof zum Dorfkrug  Molberstr.1  Dwergte   ab 49,-Euro  04475\/1807<\/p>\n\n\n\n<p>Hotel Einhaus Drei- Br\u00fccken- Weg 4  Garrel\/ Petersfeld   ab 37,- Euro  04495\/282<\/p>\n\n\n\n<p>Strandhotel Dittrich  Im Katzenberg 1  Garrel\/ Petersfeld   ab  40,- Euro   04495\/92420<\/p>\n\n\n\n<p>Gasthof Thoben   Linderner Str.1   Peheim   ab 30,- Euro   04479\/324<\/p>\n\n\n\n<p><\/p>\n\n\n<hr>\n\n\n<p class=\"has-small-font-size\"><strong>+++Spezialm\u00e4rkte  unter Auflagen erlaubt und nur mit Eintritt +++<\/strong><\/p>\n\n\n\n<p><\/p>\n\n\n<hr>\n\n\n<p class=\"has-small-font-size\"><strong>03.06.2020<\/strong><\/p>\n\n\n\n<p class=\"has-dark-gray-color has-text-color has-large-font-size\"><a href=\"http:\/\/hof-peters.eu\/?page_id=1364\"><strong>+++ Jetzt neu &#8211; Art of Stone von Hof Peters +++<\/strong><\/a>  <\/p>\n\n\n\n<figure class=\"wp-block-image\"><a href=\"http:\/\/hof-peters.eu\/?page_id=1364\"><img loading=\"lazy\" decoding=\"async\" width=\"300\" height=\"66\" src=\"http:\/\/hof-peters.eu\/wp-content\/uploads\/2020\/06\/AoS-HP-300x66.jpg\" alt=\"\" class=\"wp-image-1517\" srcset=\"https:\/\/hof-peters.eu\/wp-content\/uploads\/2020\/06\/AoS-HP-300x66.jpg 300w, https:\/\/hof-peters.eu\/wp-content\/uploads\/2020\/06\/AoS-HP.jpg 397w\" sizes=\"auto, (max-width: 300px) 100vw, 300px\" \/><\/a><\/figure>\n\n\n<hr>\n\n\n<p class=\"has-text-color\" style=\"color:#a30004\"><\/p>\n\n\n<hr>\n\n\n<p><\/p>\n\n\n<h5>Jetzt gehts los: Mitmachen kann jeder<\/h5>\n<h5>Info &amp; Anmeldung<\/h5>\n<h5>Tel: 04491-3773 o. 0172-6309077<\/h5>\n<p><a href=\"http:\/\/hof-peters.eu\/wp-content\/uploads\/2024\/01\/1-2-1.jpg\"><img loading=\"lazy\" decoding=\"async\" class=\"wp-image-1983  alignleft\" src=\"http:\/\/hof-peters.eu\/wp-content\/uploads\/2024\/01\/1-2-1.jpg\" alt=\"\" width=\"199\" height=\"199\" srcset=\"https:\/\/hof-peters.eu\/wp-content\/uploads\/2024\/01\/1-2-1.jpg 206w, https:\/\/hof-peters.eu\/wp-content\/uploads\/2024\/01\/1-2-1-150x150.jpg 150w\" sizes=\"auto, (max-width: 199px) 100vw, 199px\" \/><\/a><\/p>\n<p style=\"text-align: center;\"><a href=\"http:\/\/hof-peters.eu\/wp-content\/uploads\/2014\/09\/flohmarkt.jpg\"><img loading=\"lazy\" decoding=\"async\" class=\"wp-image-117 alignleft\" src=\"http:\/\/hof-peters.eu\/wp-content\/uploads\/2014\/09\/flohmarkt-300x199.jpg\" alt=\"flohmarkt\" width=\"312\" height=\"207\" srcset=\"https:\/\/hof-peters.eu\/wp-content\/uploads\/2014\/09\/flohmarkt-300x199.jpg 300w, https:\/\/hof-peters.eu\/wp-content\/uploads\/2014\/09\/flohmarkt-600x398.jpg 600w, https:\/\/hof-peters.eu\/wp-content\/uploads\/2014\/09\/flohmarkt.jpg 640w\" sizes=\"auto, (max-width: 312px) 100vw, 312px\" \/><\/a><a href=\"http:\/\/hof-peters.eu\/wp-content\/uploads\/2024\/09\/1-2.jpg\"><img loading=\"lazy\" decoding=\"async\" class=\"wp-image-2117 alignleft\" src=\"http:\/\/hof-peters.eu\/wp-content\/uploads\/2024\/09\/1-2-300x129.jpg\" alt=\"\" width=\"335\" height=\"144\" srcset=\"https:\/\/hof-peters.eu\/wp-content\/uploads\/2024\/09\/1-2-300x129.jpg 300w, https:\/\/hof-peters.eu\/wp-content\/uploads\/2024\/09\/1-2-1024x439.jpg 1024w, https:\/\/hof-peters.eu\/wp-content\/uploads\/2024\/09\/1-2-768x330.jpg 768w, https:\/\/hof-peters.eu\/wp-content\/uploads\/2024\/09\/1-2-1536x659.jpg 1536w, https:\/\/hof-peters.eu\/wp-content\/uploads\/2024\/09\/1-2-945x406.jpg 945w, https:\/\/hof-peters.eu\/wp-content\/uploads\/2024\/09\/1-2-600x257.jpg 600w, https:\/\/hof-peters.eu\/wp-content\/uploads\/2024\/09\/1-2.jpg 1750w\" sizes=\"auto, (max-width: 335px) 100vw, 335px\" \/><\/a> <a href=\"http:\/\/hof-peters.eu\/wp-content\/uploads\/2014\/09\/home3.jpg\"><img loading=\"lazy\" decoding=\"async\" class=\"wp-image-188 alignleft\" src=\"http:\/\/hof-peters.eu\/wp-content\/uploads\/2014\/09\/home3-300x199.jpg\" alt=\"home3\" width=\"184\" height=\"122\" srcset=\"https:\/\/hof-peters.eu\/wp-content\/uploads\/2014\/09\/home3-300x199.jpg 300w, https:\/\/hof-peters.eu\/wp-content\/uploads\/2014\/09\/home3-600x398.jpg 600w, https:\/\/hof-peters.eu\/wp-content\/uploads\/2014\/09\/home3.jpg 640w\" sizes=\"auto, (max-width: 184px) 100vw, 184px\" \/><\/a><\/p>\n<\/p>\n<p>&nbsp; &nbsp;&nbsp; &nbsp;&nbsp; &nbsp;&nbsp; &nbsp;&nbsp; &nbsp;&nbsp; &nbsp;&nbsp; &nbsp;&nbsp; &nbsp;&nbsp; &nbsp;&nbsp; &nbsp;&nbsp; &nbsp;&nbsp; &nbsp;&nbsp; <a href=\"http:\/\/hof-peters.eu\/?page_id=137\"><img loading=\"lazy\" decoding=\"async\" class=\"alignnone wp-image-586 size-medium\" src=\"http:\/\/hof-peters.eu\/wp-content\/uploads\/2016\/02\/images-300x94.jpg\" alt=\"images\" width=\"300\" height=\"94\" srcset=\"https:\/\/hof-peters.eu\/wp-content\/uploads\/2016\/02\/images-300x94.jpg 300w, https:\/\/hof-peters.eu\/wp-content\/uploads\/2016\/02\/images.jpg 398w\" sizes=\"auto, (max-width: 300px) 100vw, 300px\" \/><\/a><\/p>\n<\/p>\n<p style=\"text-align: center;\"><a href=\"https:\/\/www.facebook.com\/erwin.peters.73\"><img loading=\"lazy\" decoding=\"async\" class=\"sFlh5c pT0Scc iPVvYb alignnone\" src=\"https:\/\/uxwing.com\/wp-content\/themes\/uxwing\/download\/brands-and-social-media\/find-us-on-facebook-icon.png\" alt=\"Find us on Facebook icon PNG and SVG Vector Free Download\" width=\"395\" height=\"395\" aria-hidden=\"false\"><\/a><\/p>\n<\/p>\n<h4 class=\"title style-scope ytd-video-primary-info-renderer\">voraussichtlich<span class=\"_fbReactionComponent__eventDetailsContent fsl\"> findet bei Hof Peters, wieder der allseits bekannte Gro\u00dfe Schn\u00e4ppchen &amp; Flohmarkt statt.<\/span><\/h4>\n<h4 class=\"title style-scope ytd-video-primary-info-renderer\"><span class=\"_fbReactionComponent__eventDetailsContent fsl\"> Wir bieten ein gro\u00dfes Warenangebot von Tr\u00f6del, Kunsthandwerk und Neuwaren mit vielen interessanten Sonderverk\u00e4ufen an. Auch bei schlechtem Wetter gibt es eine gute Einkaufsm\u00f6glichkeit, da viele St\u00e4nde eine \u00dcberdachung mitbringen. Schn\u00e4ppchenj\u00e4ger sollen auf ihre Kosten kommen. Es gibt wie jedes Jahr ein gro\u00dfes Essensangebot von vielen verschiedenen Anbietern. Von Pommes bis zur Erbsensuppe ist alles vorhanden. Es ist f\u00fcr jeden Geschmack etwas dabei.<\/span><\/h4>\n<p><span class=\"_fbReactionComponent__eventDetailsContent fsl\">Am Veranstaltungstag <span class=\"text_exposed_show\">bieten wir von 06:00 bis 08:00 Uhr Fr\u00fchst\u00fcck an. Ab 09:00 Uhr laden wir unsere G\u00e4ste, in unseren gro\u00dfen Biergarten (800 qm) zum Fr\u00fchschoppen ein<\/span> .<br \/><\/span><\/p>\n<h5>F\u00fcr Teilnehmer:<\/h5>\n<p>Anmeldung t\u00e4glich von 9- 18 Uhr unter 04491\/3773 oder 0172\/6309077<\/p>\n\n\n<p><\/p>\n","protected":false},"excerpt":{"rendered":"<p>N\u00e4chster gro\u00dfer Flohmarkt Sa.04.Juni 2026. Von 8 bis 16 Uhr. Erreichbar Mo\u2013Savon 9 bis 18 Uhr unter:0172 6309077&nbsp; Wohnmobile mit Tr\u00f6delstand Standmiete nur 25\u20ac pro Tag -egal wie gro\u00df. Verkauf von Neu- und Gebrauchtwaren.Teilnehmen kann jeder. Die Standmiete kostet f\u00fcr&#8230; <a class=\"more-link\" href=\"https:\/\/hof-peters.eu\/\">Weiterlesen &rarr;<\/a><\/p>\n","protected":false},"author":1,"featured_media":0,"parent":0,"menu_order":1,"comment_status":"closed","ping_status":"closed","template":"","meta":{"footnotes":""},"class_list":["post-9","page","type-page","status-publish","hentry"],"_links":{"self":[{"href":"https:\/\/hof-peters.eu\/index.php?rest_route=\/wp\/v2\/pages\/9","targetHints":{"allow":["GET"]}}],"collection":[{"href":"https:\/\/hof-peters.eu\/index.php?rest_route=\/wp\/v2\/pages"}],"about":[{"href":"https:\/\/hof-peters.eu\/index.php?rest_route=\/wp\/v2\/types\/page"}],"author":[{"embeddable":true,"href":"https:\/\/hof-peters.eu\/index.php?rest_route=\/wp\/v2\/users\/1"}],"replies":[{"embeddable":true,"href":"https:\/\/hof-peters.eu\/index.php?rest_route=%2Fwp%2Fv2%2Fcomments&post=9"}],"version-history":[{"count":758,"href":"https:\/\/hof-peters.eu\/index.php?rest_route=\/wp\/v2\/pages\/9\/revisions"}],"predecessor-version":[{"id":2306,"href":"https:\/\/hof-peters.eu\/index.php?rest_route=\/wp\/v2\/pages\/9\/revisions\/2306"}],"wp:attachment":[{"href":"https:\/\/hof-peters.eu\/index.php?rest_route=%2Fwp%2Fv2%2Fmedia&parent=9"}],"curies":[{"name":"wp","href":"https:\/\/api.w.org\/{rel}","templated":true}]}}